{"id":2495,"date":"2024-10-23T08:32:56","date_gmt":"2024-10-23T01:32:56","guid":{"rendered":"http:\/\/arteliagroup.vn\/?page_id=2495"},"modified":"2026-03-20T13:55:05","modified_gmt":"2026-03-20T06:55:05","slug":"tin-tuc","status":"publish","type":"page","link":"https:\/\/arteliagroup.vn\/vi\/tin-tuc\/","title":{"rendered":"Tin t\u1ee9c"},"content":{"rendered":"  <div id=\"page-header-1747345451\" class=\"page-header-wrapper\">\n  <div class=\"page-title page-title-custom hidden dark featured-title has-parallax\">\n\n        <div class=\"page-title-bg\">\n      <div class=\"title-bg fill bg-fill\"\n        data-parallax-container=\".page-title\"\n        data-parallax-background\n        data-parallax=\"-5\">\n      <\/div>\n      <div class=\"title-overlay fill\"><\/div>\n    <\/div>\n    \n    <div class=\"page-title-inner container align-center flex-row medium-flex-wrap\" >\n              <div class=\"title-wrapper is-large flex-col text-left medium-text-center\">\n          <h1 class=\"entry-title mb-0\">\n            Tin t\u1ee9c          <\/h1>\n        <\/div>\n                    <div class=\"title-content flex-col flex-right text-right medium-text-center\">\n        <div class=\"title-breadcrumbs pb-half pt-half\"><nav class=\"woocommerce-breadcrumb breadcrumbs\">Home<\/nav><\/div>      <\/div>\n    <\/div><!-- flex-row -->\n\n     \n<style scope=\"scope\">\n\n#page-header-1747345451 .page-title-inner {\n  min-height: 200px;\n}\n#page-header-1747345451 .title-bg {\n  background-image: url(https:\/\/arteliagroup.vn\/wp-content\/uploads\/2024\/12\/KEN_4066.jpg);\n  background-position: 17% 73%;\n}\n#page-header-1747345451 .title-overlay {\n  background-color: rgba(0, 0, 0, 0.71);\n}\n\n\n@media (min-width:550px) {\n\n  #page-header-1747345451 .page-title-inner {\n    min-height: 300px;\n  }\n\n}\n<\/style>\n  <\/div><!-- .page-title -->\n    <\/div><!-- .page-header-wrapper -->\n  \n\t<section class=\"section\" id=\"section_1416721019\">\n\t\t<div class=\"bg section-bg fill bg-fill  bg-loaded\" >\n\n\t\t\t\n\t\t\t\n\t\t\t\n\n\t\t<\/div><!-- .section-bg -->\n\n\t\t<div class=\"section-content relative\">\n\t\t\t\n\n  <div class=\"banner has-hover\" id=\"banner-1617906606\">\n          <div class=\"banner-inner fill\">\n        <div class=\"banner-bg fill\" >\n            <div class=\"bg fill bg-fill \"><\/div>\n                        <div class=\"overlay\"><\/div>            \n                    <\/div><!-- bg-layers -->\n        <div class=\"banner-layers container\">\n            <div class=\"fill banner-link\"><\/div>            \n   <div id=\"text-box-159975881\" class=\"text-box banner-layer x0 md-x0 lg-x0 y5 md-y5 lg-y5 res-text\">\n                                <div class=\"text dark\">\n              \n              <div class=\"text-inner text-left\">\n                  \n<h2 class=\"uppercase\"><span style=\"color: #215896;\"><strong>TIN T\u1ee8C<\/strong><\/span><\/h2>\n<a href=\"https:\/\/www.arteliagroup.com\/news\/\" target=\"_self\" class=\"button secondary\" style=\"border-radius:4px;\" rel=\"noopener\">\n    <span>Tin t\u1ee9c t\u1eeb artelia group<\/span>\n  <\/a>\n\n              <\/div>\n           <\/div><!-- text-box-inner -->\n                            \n<style scope=\"scope\">\n\n#text-box-159975881 {\n  width: 60%;\n}\n#text-box-159975881 .text {\n  font-size: 100%;\n}\n\n\n@media (min-width:550px) {\n\n  #text-box-159975881 {\n    width: 40%;\n  }\n\n}\n<\/style>\n    <\/div><!-- text-box -->\n \n        <\/div><!-- .banner-layers -->\n      <\/div><!-- .banner-inner -->\n\n            \n<style scope=\"scope\">\n\n#banner-1617906606 {\n  padding-top: 200px;\n}\n#banner-1617906606 .bg.bg-loaded {\n  background-image: url(https:\/\/arteliagroup.vn\/wp-content\/uploads\/2026\/03\/DNP02609-scaled.jpg);\n}\n#banner-1617906606 .overlay {\n  background-color: rgba(255,255,255,.5);\n}\n#banner-1617906606 .bg {\n  background-position: 5% 37%;\n}\n\n\n@media (min-width:550px) {\n\n  #banner-1617906606 {\n    padding-top: 300px;\n  }\n\n}\n<\/style>\n  <\/div><!-- .banner -->\n\n\n\t\t<\/div><!-- .section-content -->\n\n\t\t\n<style scope=\"scope\">\n\n#section_1416721019 {\n  padding-top: 0px;\n  padding-bottom: 0px;\n}\n<\/style>\n\t<\/section>\n\t\n\t<section class=\"section\" id=\"section_325708983\">\n\t\t<div class=\"bg section-bg fill bg-fill  bg-loaded\" >\n\n\t\t\t\n\t\t\t\n\t\t\t\n\n\t\t<\/div><!-- .section-bg -->\n\n\t\t<div class=\"section-content relative\">\n\t\t\t\n<div class=\"row\"  id=\"row-684120318\">\n<div class=\"col content-css small-12 large-12\"  ><div class=\"col-inner\"  >\n    <div class=\"grid-group-all\" id=\"post-container\">\n                        <a href=\"https:\/\/arteliagroup.vn\/vi\/artelia-viet-nam-year-end-party-2024-2\/\" class=\"item-post row\">\n                    <div class=\"col medium-4\">\n                        <div class=\"thumb-post\">\n                            <img decoding=\"async\" src=\"https:\/\/arteliagroup.vn\/wp-content\/uploads\/2026\/03\/FOG03194-scaled.jpg\" \/>\n                                                            <span>Tin t\u1ee9c Vi\u1ec7t Nam<\/span> \n                                                    <\/div>\n                    <\/div>\n                    <div class=\"relative col medium-8\">\n                        <h3 class=\"flex-grow-1 text-split-1\">Artelia Vi\u1ec7t Nam Year-End Party 2025<\/h3>\n                        <div class=\"text-split\"><p>K\u1ef7 ni\u1ec7m 20 n\u0103m xu\u1ea5t s\u1eafc trong l\u0129nh v\u1ef1c k\u1ef9 thu\u1eadt v\u00e0 qu\u1ea3n l\u00fd, \u0111\u1ed3ng th\u1eddi ti\u1ebfp t\u1ee5c ti\u1ebfn b\u01b0\u1edbc h\u01b0\u1edbng t\u1edbi m\u1ed9t t\u01b0\u01a1ng lai b\u1ec1n v\u1eefng.<\/p>\n<\/div>\n                        <div class=\"cta cta-absolute\">XEM TH\u00caM +<\/div>\n                    <\/div>\n                <\/a>\n                        <a href=\"https:\/\/arteliagroup.vn\/vi\/chuong-trinh-dao-tao-lanh-dao-va-xay-dung-doi-ngu-hieu-suat-cao-nam-2025\/\" class=\"item-post row\">\n                    <div class=\"col medium-4\">\n                        <div class=\"thumb-post\">\n                            <img decoding=\"async\" src=\"https:\/\/arteliagroup.vn\/wp-content\/uploads\/2025\/11\/Leadership-training-1-scaled.jpg\" \/>\n                                                            <span>Tin t\u1ee9c Vi\u1ec7t Nam<\/span> \n                                                    <\/div>\n                    <\/div>\n                    <div class=\"relative col medium-8\">\n                        <h3 class=\"flex-grow-1 text-split-1\">Ch\u01b0\u01a1ng tr\u00ecnh \u0110\u00e0o t\u1ea1o L\u00e3nh \u0111\u1ea1o v\u00e0 X\u00e2y d\u1ef1ng \u0110\u1ed9i ng\u0169 Hi\u1ec7u su\u1ea5t cao n\u0103m 2025<\/h3>\n                        <div class=\"text-split\"><p>Ng\u00e0y 25 &#038; 26\/09\/2025 t\u1ea1i TP H\u1ed3 Ch\u00ed Minh, Artelia Vi\u1ec7t Nam \u0111\u00e3 t\u1ed5 ch\u1ee9c th\u00e0nh c\u00f4ng ch\u01b0\u01a1ng tr\u00ecnh \u0110\u00e0o t\u1ea1o L\u00e3nh \u0111\u1ea1o &#8211; X\u00e2y d\u1ef1ng \u0110\u1ed9i ng\u0169 Hi\u1ec7u su\u1ea5t cao (b\u1eb1ng ti\u1ebfng Anh).<\/p>\n<\/div>\n                        <div class=\"cta cta-absolute\">XEM TH\u00caM +<\/div>\n                    <\/div>\n                <\/a>\n                        <a href=\"https:\/\/arteliagroup.vn\/vi\/artelia-strengthens-its-strategic-presence-in-vietnam\/\" class=\"item-post row\">\n                    <div class=\"col medium-4\">\n                        <div class=\"thumb-post\">\n                            <img decoding=\"async\" src=\"https:\/\/arteliagroup.vn\/wp-content\/uploads\/2025\/06\/1.jpg\" \/>\n                                                            <span>Tin t\u1ee9c Vi\u1ec7t Nam<\/span> \n                                                    <\/div>\n                    <\/div>\n                    <div class=\"relative col medium-8\">\n                        <h3 class=\"flex-grow-1 text-split-1\">Artelia t\u0103ng c\u01b0\u1eddng s\u1ef1 hi\u1ec7n di\u1ec7n chi\u1ebfn l\u01b0\u1ee3c t\u1ea1i Vi\u1ec7t Nam trong chuy\u1ebfn th\u0103m ch\u00ednh th\u1ee9c c\u1ee7a T\u1ed5ng th\u1ed1ng Ph\u00e1p<\/h3>\n                        <div class=\"text-split\"><p>V\u00e0o ng\u00e0y 26\u201327 th\u00e1ng 5 n\u0103m 2025, \u00f4ng Beno\u00eet Clocheret, T\u1ed5ng Gi\u00e1m \u0111\u1ed1c T\u1eadp \u0111o\u00e0n Artelia, \u0111\u00e3 tham gia Di\u1ec5n \u0111\u00e0n L\u00e3nh \u0111\u1ea1o Vi\u1ec7t Nam &#8211; Ph\u00e1p trong khu\u00f4n kh\u1ed5 ph\u00e1i \u0111o\u00e0n ch\u00ednh th\u1ee9c c\u1ee7a Ph\u00e1p do T\u1ed5ng th\u1ed1ng Ph\u00e1p d\u1eabn \u0111\u1ea7u.<\/p>\n<\/div>\n                        <div class=\"cta cta-absolute\">XEM TH\u00caM +<\/div>\n                    <\/div>\n                <\/a>\n                        <a href=\"https:\/\/arteliagroup.vn\/vi\/le-khoi-cong-du-an-behn-meyer-agricare-tai-ba-ria-vung-tau\/\" class=\"item-post row\">\n                    <div class=\"col medium-4\">\n                        <div class=\"thumb-post\">\n                            <img decoding=\"async\" src=\"https:\/\/arteliagroup.vn\/wp-content\/uploads\/2025\/04\/LOC05026-scaled.jpg\" \/>\n                                                            <span>Tin t\u1ee9c Vi\u1ec7t Nam<\/span> \n                                                    <\/div>\n                    <\/div>\n                    <div class=\"relative col medium-8\">\n                        <h3 class=\"flex-grow-1 text-split-1\">L\u1ec5 Kh\u1edfi C\u00f4ng D\u1ef1 \u00c1n Behn Meyer Agricare t\u1ea1i B\u00e0 R\u1ecba &#8211; V\u0169ng T\u00e0u<\/h3>\n                        <div class=\"text-split\"><p>Artelia Vi\u1ec7t Nam vinh d\u1ef1 \u0111\u01b0\u1ee3c tham d\u1ef1 l\u1ec5 kh\u1edfi c\u00f4ng d\u1ef1 \u00e1n nh\u00e0 m\u00e1y Behn Meyer Agricare m\u1edbi c\u1ee7a T\u1eadp \u0111o\u00e0n Behn Meyer t\u1ea1i B\u00e0 R\u1ecba &#8211; V\u0169ng T\u00e0u.<\/p>\n<\/div>\n                        <div class=\"cta cta-absolute\">XEM TH\u00caM +<\/div>\n                    <\/div>\n                <\/a>\n                        <a href=\"https:\/\/arteliagroup.vn\/vi\/artelia-vietnam-signs-mou-with-ho-chi-minh-city-university-of-technology-hcmut\/\" class=\"item-post row\">\n                    <div class=\"col medium-4\">\n                        <div class=\"thumb-post\">\n                            <img decoding=\"async\" src=\"https:\/\/arteliagroup.vn\/wp-content\/uploads\/2025\/04\/Pic5.jpg\" \/>\n                                                            <span>Tin t\u1ee9c Vi\u1ec7t Nam<\/span> \n                                                    <\/div>\n                    <\/div>\n                    <div class=\"relative col medium-8\">\n                        <h3 class=\"flex-grow-1 text-split-1\">Artelia Vietnam k\u00fd k\u1ebft Bi\u00ean b\u1ea3n Ghi nh\u1edb (MoU) v\u1edbi Tr\u01b0\u1eddng \u0110\u1ea1i h\u1ecdc B\u00e1ch Khoa \u2013 \u0110\u1ea1i h\u1ecdc Qu\u1ed1c gia TP.HCM (HCMUT)<\/h3>\n                        <div class=\"text-split\"><p>V\u00e0o s\u00e1ng ng\u00e0y 5 th\u00e1ng 4, Artelia Vietnam vinh d\u1ef1 k\u00fd k\u1ebft Bi\u00ean b\u1ea3n Ghi nh\u1edb (MoU) v\u1edbi Tr\u01b0\u1eddng \u0110\u1ea1i h\u1ecdc B\u00e1ch Khoa \u2013 \u0110HQG TP.HCM.<\/p>\n<\/div>\n                        <div class=\"cta cta-absolute\">XEM TH\u00caM +<\/div>\n                    <\/div>\n                <\/a>\n                        <a href=\"https:\/\/arteliagroup.vn\/vi\/build-to-last-2025\/\" class=\"item-post row\">\n                    <div class=\"col medium-4\">\n                        <div class=\"thumb-post\">\n                            <img decoding=\"async\" src=\"https:\/\/arteliagroup.vn\/wp-content\/uploads\/2025\/04\/1743836388321.jpg\" \/>\n                                                            <span>Tin t\u1ee9c Vi\u1ec7t Nam<\/span> \n                                                    <\/div>\n                    <\/div>\n                    <div class=\"relative col medium-8\">\n                        <h3 class=\"flex-grow-1 text-split-1\">Build to Last 2025<\/h3>\n                        <div class=\"text-split\"><p>Artelia Vietnam t\u1ef1 h\u00e0o l\u00e0 nh\u00e0 t\u00e0i tr\u1ee3 cho Build to Last 2025 \u2013 h\u1ed9i ngh\u1ecb h\u00e0ng \u0111\u1ea7u v\u1ec1 x\u00e2y d\u1ef1ng b\u1ec1n v\u1eefng do CCI France Vietnam (CCIFV) t\u1ed5 ch\u1ee9c.<\/p>\n<\/div>\n                        <div class=\"cta cta-absolute\">XEM TH\u00caM +<\/div>\n                    <\/div>\n                <\/a>\n            <\/div>\n    <div class=\"text-center\">\n        <a class=\"mt-2 button primary btn-custom\" id=\"load-more\" data-page=\"1\" data-post-type=\"post\">\n            <span>Xem Th\u00eam<\/span>\n        <\/a>\n    <\/div>\n    \n<\/div><\/div>\n<\/div>\n\t\t<\/div><!-- .section-content -->\n\n\t\t\n<style scope=\"scope\">\n\n#section_325708983 {\n  padding-top: 30px;\n  padding-bottom: 30px;\n}\n<\/style>\n\t<\/section>\n\t\n","protected":false},"excerpt":{"rendered":"","protected":false},"author":1,"featured_media":0,"parent":0,"menu_order":0,"comment_status":"closed","ping_status":"closed","template":"page-blank.php","meta":{"rank_math_lock_modified_date":false,"footnotes":""},"class_list":["post-2495","page","type-page","status-publish","hentry"],"acf":[],"rankMath":{"parentDomain":"arteliagroup.vn","noFollowDomains":[],"noFollowExcludeDomains":[],"noFollowExternalLinks":false,"featuredImageNotice":"The featured image should be at least 200 by 200 pixels to be picked up by Facebook and other social media sites.","pluginReviewed":false,"postSettings":{"linkSuggestions":true,"useFocusKeyword":false},"frontEndScore":false,"postName":"build-to-last-2025","permalinkFormat":"https:\/\/arteliagroup.vn\/vi\/%postname%\/","showLockModifiedDate":true,"assessor":{"focusKeywordLink":"https:\/\/arteliagroup.vn\/wp-admin\/edit.php?focus_keyword=%focus_keyword%&post_type=%post_type%","hasTOCPlugin":false,"primaryTaxonomy":{"title":"Category","name":"category","singularLabel":"Category","restBase":"categories"},"serpData":{"title":"","description":"","focusKeywords":"","pillarContent":false,"canonicalUrl":"","breadcrumbTitle":"","advancedRobots":[],"facebookTitle":"","facebookDescription":"","facebookImage":"","facebookImageID":"","facebookHasOverlay":false,"facebookImageOverlay":"","facebookAuthor":"","twitterCardType":"","twitterUseFacebook":true,"twitterTitle":"","twitterDescription":"","twitterImage":"","twitterImageID":"","twitterHasOverlay":false,"twitterImageOverlay":"","twitterPlayerUrl":"","twitterPlayerSize":"","twitterPlayerStream":"","twitterPlayerStreamCtype":"","twitterAppDescription":"","twitterAppIphoneName":"","twitterAppIphoneID":"","twitterAppIphoneUrl":"","twitterAppIpadName":"","twitterAppIpadID":"","twitterAppIpadUrl":"","twitterAppGoogleplayName":"","twitterAppGoogleplayID":"","twitterAppGoogleplayUrl":"","twitterAppCountry":"","robots":{"index":true},"twitterAuthor":"username","primaryTerm":221,"authorName":"admin","titleTemplate":"%title% %sep% %sitename%","descriptionTemplate":"%excerpt%","showScoreFrontend":true,"lockModifiedDate":false},"powerWords":[],"diacritics":{"A":"[\\u0041\\u24B6\\uFF21\\u00C0\\u00C1\\u00C2\\u1EA6\\u1EA4\\u1EAA\\u1EA8\\u00C3\\u0100\\u0102\\u1EB0\\u1EAE\\u1EB4\\u1EB2\\u0226\\u01E0\\u00C4\\u01DE\\u1EA2\\u00C5\\u01FA\\u01CD\\u0200\\u0202\\u1EA0\\u1EAC\\u1EB6\\u1E00\\u0104\\u023A\\u2C6F]","AA":"[\\uA732]","AE":"[\\u00C6\\u01FC\\u01E2]","AO":"[\\uA734]","AU":"[\\uA736]","AV":"[\\uA738\\uA73A]","AY":"[\\uA73C]","B":"[\\u0042\\u24B7\\uFF22\\u1E02\\u1E04\\u1E06\\u0243\\u0182\\u0181]","C":"[\\u0043\\u24B8\\uFF23\\u0106\\u0108\\u010A\\u010C\\u00C7\\u1E08\\u0187\\u023B\\uA73E]","D":"[\\u0044\\u24B9\\uFF24\\u1E0A\\u010E\\u1E0C\\u1E10\\u1E12\\u1E0E\\u0110\\u018B\\u018A\\u0189\\uA779]","DZ":"[\\u01F1\\u01C4]","Dz":"[\\u01F2\\u01C5]","E":"[\\u0045\\u24BA\\uFF25\\u00C8\\u00C9\\u00CA\\u1EC0\\u1EBE\\u1EC4\\u1EC2\\u1EBC\\u0112\\u1E14\\u1E16\\u0114\\u0116\\u00CB\\u1EBA\\u011A\\u0204\\u0206\\u1EB8\\u1EC6\\u0228\\u1E1C\\u0118\\u1E18\\u1E1A\\u0190\\u018E]","F":"[\\u0046\\u24BB\\uFF26\\u1E1E\\u0191\\uA77B]","G":"[\\u0047\\u24BC\\uFF27\\u01F4\\u011C\\u1E20\\u011E\\u0120\\u01E6\\u0122\\u01E4\\u0193\\uA7A0\\uA77D\\uA77E]","H":"[\\u0048\\u24BD\\uFF28\\u0124\\u1E22\\u1E26\\u021E\\u1E24\\u1E28\\u1E2A\\u0126\\u2C67\\u2C75\\uA78D]","I":"[\\u0049\\u24BE\\uFF29\\u00CC\\u00CD\\u00CE\\u0128\\u012A\\u012C\\u0130\\u00CF\\u1E2E\\u1EC8\\u01CF\\u0208\\u020A\\u1ECA\\u012E\\u1E2C\\u0197]","J":"[\\u004A\\u24BF\\uFF2A\\u0134\\u0248]","K":"[\\u004B\\u24C0\\uFF2B\\u1E30\\u01E8\\u1E32\\u0136\\u1E34\\u0198\\u2C69\\uA740\\uA742\\uA744\\uA7A2]","L":"[\\u004C\\u24C1\\uFF2C\\u013F\\u0139\\u013D\\u1E36\\u1E38\\u013B\\u1E3C\\u1E3A\\u0141\\u023D\\u2C62\\u2C60\\uA748\\uA746\\uA780]","LJ":"[\\u01C7]","Lj":"[\\u01C8]","M":"[\\u004D\\u24C2\\uFF2D\\u1E3E\\u1E40\\u1E42\\u2C6E\\u019C]","N":"[\\u004E\\u24C3\\uFF2E\\u01F8\\u0143\\u00D1\\u1E44\\u0147\\u1E46\\u0145\\u1E4A\\u1E48\\u0220\\u019D\\uA790\\uA7A4]","NJ":"[\\u01CA]","Nj":"[\\u01CB]","O":"[\\u004F\\u24C4\\uFF2F\\u00D2\\u00D3\\u00D4\\u1ED2\\u1ED0\\u1ED6\\u1ED4\\u00D5\\u1E4C\\u022C\\u1E4E\\u014C\\u1E50\\u1E52\\u014E\\u022E\\u0230\\u00D6\\u022A\\u1ECE\\u0150\\u01D1\\u020C\\u020E\\u01A0\\u1EDC\\u1EDA\\u1EE0\\u1EDE\\u1EE2\\u1ECC\\u1ED8\\u01EA\\u01EC\\u00D8\\u01FE\\u0186\\u019F\\uA74A\\uA74C]","OI":"[\\u01A2]","OO":"[\\uA74E]","OU":"[\\u0222]","P":"[\\u0050\\u24C5\\uFF30\\u1E54\\u1E56\\u01A4\\u2C63\\uA750\\uA752\\uA754]","Q":"[\\u0051\\u24C6\\uFF31\\uA756\\uA758\\u024A]","R":"[\\u0052\\u24C7\\uFF32\\u0154\\u1E58\\u0158\\u0210\\u0212\\u1E5A\\u1E5C\\u0156\\u1E5E\\u024C\\u2C64\\uA75A\\uA7A6\\uA782]","S":"[\\u0053\\u24C8\\uFF33\\u1E9E\\u015A\\u1E64\\u015C\\u1E60\\u0160\\u1E66\\u1E62\\u1E68\\u0218\\u015E\\u2C7E\\uA7A8\\uA784]","T":"[\\u0054\\u24C9\\uFF34\\u1E6A\\u0164\\u1E6C\\u021A\\u0162\\u1E70\\u1E6E\\u0166\\u01AC\\u01AE\\u023E\\uA786]","TZ":"[\\uA728]","U":"[\\u0055\\u24CA\\uFF35\\u00D9\\u00DA\\u00DB\\u0168\\u1E78\\u016A\\u1E7A\\u016C\\u00DC\\u01DB\\u01D7\\u01D5\\u01D9\\u1EE6\\u016E\\u0170\\u01D3\\u0214\\u0216\\u01AF\\u1EEA\\u1EE8\\u1EEE\\u1EEC\\u1EF0\\u1EE4\\u1E72\\u0172\\u1E76\\u1E74\\u0244]","V":"[\\u0056\\u24CB\\uFF36\\u1E7C\\u1E7E\\u01B2\\uA75E\\u0245]","VY":"[\\uA760]","W":"[\\u0057\\u24CC\\uFF37\\u1E80\\u1E82\\u0174\\u1E86\\u1E84\\u1E88\\u2C72]","X":"[\\u0058\\u24CD\\uFF38\\u1E8A\\u1E8C]","Y":"[\\u0059\\u24CE\\uFF39\\u1EF2\\u00DD\\u0176\\u1EF8\\u0232\\u1E8E\\u0178\\u1EF6\\u1EF4\\u01B3\\u024E\\u1EFE]","Z":"[\\u005A\\u24CF\\uFF3A\\u0179\\u1E90\\u017B\\u017D\\u1E92\\u1E94\\u01B5\\u0224\\u2C7F\\u2C6B\\uA762]","a":"[\\u0061\\u24D0\\uFF41\\u1E9A\\u00E0\\u00E1\\u00E2\\u1EA7\\u1EA5\\u1EAB\\u1EA9\\u00E3\\u0101\\u0103\\u1EB1\\u1EAF\\u1EB5\\u1EB3\\u0227\\u01E1\\u00E4\\u01DF\\u1EA3\\u00E5\\u01FB\\u01CE\\u0201\\u0203\\u1EA1\\u1EAD\\u1EB7\\u1E01\\u0105\\u2C65\\u0250]","aa":"[\\uA733]","ae":"[\\u00E6\\u01FD\\u01E3]","ao":"[\\uA735]","au":"[\\uA737]","av":"[\\uA739\\uA73B]","ay":"[\\uA73D]","b":"[\\u0062\\u24D1\\uFF42\\u1E03\\u1E05\\u1E07\\u0180\\u0183\\u0253]","c":"[\\u0063\\u24D2\\uFF43\\u0107\\u0109\\u010B\\u010D\\u00E7\\u1E09\\u0188\\u023C\\uA73F\\u2184]","d":"[\\u0064\\u24D3\\uFF44\\u1E0B\\u010F\\u1E0D\\u1E11\\u1E13\\u1E0F\\u0111\\u018C\\u0256\\u0257\\uA77A]","dz":"[\\u01F3\\u01C6]","e":"[\\u0065\\u24D4\\uFF45\\u00E8\\u00E9\\u00EA\\u1EC1\\u1EBF\\u1EC5\\u1EC3\\u1EBD\\u0113\\u1E15\\u1E17\\u0115\\u0117\\u00EB\\u1EBB\\u011B\\u0205\\u0207\\u1EB9\\u1EC7\\u0229\\u1E1D\\u0119\\u1E19\\u1E1B\\u0247\\u025B\\u01DD]","f":"[\\u0066\\u24D5\\uFF46\\u1E1F\\u0192\\uA77C]","g":"[\\u0067\\u24D6\\uFF47\\u01F5\\u011D\\u1E21\\u011F\\u0121\\u01E7\\u0123\\u01E5\\u0260\\uA7A1\\u1D79\\uA77F]","h":"[\\u0068\\u24D7\\uFF48\\u0125\\u1E23\\u1E27\\u021F\\u1E25\\u1E29\\u1E2B\\u1E96\\u0127\\u2C68\\u2C76\\u0265]","hv":"[\\u0195]","i":"[\\u0069\\u24D8\\uFF49\\u00EC\\u00ED\\u00EE\\u0129\\u012B\\u012D\\u00EF\\u1E2F\\u1EC9\\u01D0\\u0209\\u020B\\u1ECB\\u012F\\u1E2D\\u0268\\u0131]","j":"[\\u006A\\u24D9\\uFF4A\\u0135\\u01F0\\u0249]","k":"[\\u006B\\u24DA\\uFF4B\\u1E31\\u01E9\\u1E33\\u0137\\u1E35\\u0199\\u2C6A\\uA741\\uA743\\uA745\\uA7A3]","l":"[\\u006C\\u24DB\\uFF4C\\u0140\\u013A\\u013E\\u1E37\\u1E39\\u013C\\u1E3D\\u1E3B\\u017F\\u0142\\u019A\\u026B\\u2C61\\uA749\\uA781\\uA747]","lj":"[\\u01C9]","m":"[\\u006D\\u24DC\\uFF4D\\u1E3F\\u1E41\\u1E43\\u0271\\u026F]","n":"[\\u006E\\u24DD\\uFF4E\\u01F9\\u0144\\u00F1\\u1E45\\u0148\\u1E47\\u0146\\u1E4B\\u1E49\\u019E\\u0272\\u0149\\uA791\\uA7A5]","nj":"[\\u01CC]","o":"[\\u006F\\u24DE\\uFF4F\\u00F2\\u00F3\\u00F4\\u1ED3\\u1ED1\\u1ED7\\u1ED5\\u00F5\\u1E4D\\u022D\\u1E4F\\u014D\\u1E51\\u1E53\\u014F\\u022F\\u0231\\u00F6\\u022B\\u1ECF\\u0151\\u01D2\\u020D\\u020F\\u01A1\\u1EDD\\u1EDB\\u1EE1\\u1EDF\\u1EE3\\u1ECD\\u1ED9\\u01EB\\u01ED\\u00F8\\u01FF\\u0254\\uA74B\\uA74D\\u0275]","oi":"[\\u01A3]","ou":"[\\u0223]","oo":"[\\uA74F]","p":"[\\u0070\\u24DF\\uFF50\\u1E55\\u1E57\\u01A5\\u1D7D\\uA751\\uA753\\uA755]","q":"[\\u0071\\u24E0\\uFF51\\u024B\\uA757\\uA759]","r":"[\\u0072\\u24E1\\uFF52\\u0155\\u1E59\\u0159\\u0211\\u0213\\u1E5B\\u1E5D\\u0157\\u1E5F\\u024D\\u027D\\uA75B\\uA7A7\\uA783]","s":"[\\u0073\\u24E2\\uFF53\\u015B\\u1E65\\u015D\\u1E61\\u0161\\u1E67\\u1E63\\u1E69\\u0219\\u015F\\u023F\\uA7A9\\uA785\\u1E9B]","ss":"[\\u00DF]","t":"[\\u0074\\u24E3\\uFF54\\u1E6B\\u1E97\\u0165\\u1E6D\\u021B\\u0163\\u1E71\\u1E6F\\u0167\\u01AD\\u0288\\u2C66\\uA787]","tz":"[\\uA729]","u":"[\\u0075\\u24E4\\uFF55\\u00F9\\u00FA\\u00FB\\u0169\\u1E79\\u016B\\u1E7B\\u016D\\u00FC\\u01DC\\u01D8\\u01D6\\u01DA\\u1EE7\\u016F\\u0171\\u01D4\\u0215\\u0217\\u01B0\\u1EEB\\u1EE9\\u1EEF\\u1EED\\u1EF1\\u1EE5\\u1E73\\u0173\\u1E77\\u1E75\\u0289]","v":"[\\u0076\\u24E5\\uFF56\\u1E7D\\u1E7F\\u028B\\uA75F\\u028C]","vy":"[\\uA761]","w":"[\\u0077\\u24E6\\uFF57\\u1E81\\u1E83\\u0175\\u1E87\\u1E85\\u1E98\\u1E89\\u2C73]","x":"[\\u0078\\u24E7\\uFF58\\u1E8B\\u1E8D]","y":"[\\u0079\\u24E8\\uFF59\\u1EF3\\u00FD\\u0177\\u1EF9\\u0233\\u1E8F\\u00FF\\u1EF7\\u1E99\\u1EF5\\u01B4\\u024F\\u1EFF]","z":"[\\u007A\\u24E9\\uFF5A\\u017A\\u1E91\\u017C\\u017E\\u1E93\\u1E95\\u01B6\\u0225\\u0240\\u2C6C\\uA763]"},"researchesTests":["contentHasTOC","contentHasShortParagraphs","contentHasAssets","keywordInTitle","keywordInMetaDescription","keywordInPermalink","keywordIn10Percent","keywordInContent","keywordInSubheadings","keywordInImageAlt","keywordDensity","keywordNotUsed","lengthContent","lengthPermalink","linksHasInternal","linksHasExternals","linksNotAllExternals","titleStartWithKeyword","titleSentiment","titleHasPowerWords","titleHasNumber","hasContentAI"],"hasRedirection":false,"hasBreadcrumb":true},"homeUrl":"https:\/\/arteliagroup.vn\/vi\/","objectID":4010,"objectType":"post","locale":"vi","localeFull":"vi_VN","overlayImages":{"play":{"name":"Play icon","url":"https:\/\/arteliagroup.vn\/wp-content\/plugins\/seo-by-rank-math\/assets\/admin\/img\/icon-play.png","path":"\/home\/artelia\/domains\/arteliagroup.vn\/public_html\/wp-content\/plugins\/seo-by-rank-math\/assets\/admin\/img\/icon-play.png","position":"middle_center"},"gif":{"name":"GIF icon","url":"https:\/\/arteliagroup.vn\/wp-content\/plugins\/seo-by-rank-math\/assets\/admin\/img\/icon-gif.png","path":"\/home\/artelia\/domains\/arteliagroup.vn\/public_html\/wp-content\/plugins\/seo-by-rank-math\/assets\/admin\/img\/icon-gif.png","position":"middle_center"}},"defautOgImage":"https:\/\/arteliagroup.vn\/wp-content\/plugins\/seo-by-rank-math\/assets\/admin\/img\/social-placeholder.jpg","customPermalinks":true,"isUserRegistered":false,"autoSuggestKeywords":false,"connectSiteUrl":"https:\/\/rankmath.com\/auth?site=https%3A%2F%2Farteliagroup.vn%2Fvi%2F&r=https%3A%2F%2Farteliagroup.vn%2Fvi%2Fwp-json%2Fwp%2Fv2%2Fpages%2F2495%3Fnonce%3D0f4ac6b0da","maxTags":5,"trendsIcon":"<svg viewBox=\"0 0 610 610\"><path d=\"M18.85,446,174.32,290.48l58.08,58.08L76.93,504a14.54,14.54,0,0,1-20.55,0L18.83,466.48a14.54,14.54,0,0,1,0-20.55Z\" style=\"fill:#4285f4\"\/><path d=\"M242.65,242.66,377.59,377.6l-47.75,47.75a14.54,14.54,0,0,1-20.55,0L174.37,290.43l47.75-47.75A14.52,14.52,0,0,1,242.65,242.66Z\" style=\"fill:#ea4335\"\/><polygon points=\"319.53 319.53 479.26 159.8 537.34 217.88 377.61 377.62 319.53 319.53\" style=\"fill:#fabb05\"\/><path d=\"M594.26,262.73V118.61h0a16.94,16.94,0,0,0-16.94-16.94H433.2a16.94,16.94,0,0,0-12,28.92L565.34,274.71h0a16.94,16.94,0,0,0,28.92-12Z\" style=\"fill:#34a853\"\/><rect width=\"610\" height=\"610\" style=\"fill:none\"\/><\/svg>","showScore":true,"siteFavIcon":"https:\/\/arteliagroup.vn\/wp-content\/uploads\/2025\/02\/cropped-logo_ARTELIA_couleur_300dpi_jpg-square-32x32.png","canUser":{"general":false,"advanced":false,"snippet":false,"social":false,"analysis":false,"analytics":false,"content_ai":false},"isPro":false,"is_front_page":false,"trendsUpgradeLink":"https:\/\/rankmath.com\/pricing\/?utm_source=Plugin&utm_medium=CE%20General%20Tab%20Trends&utm_campaign=WP","trendsUpgradeLabel":"Upgrade","trendsPreviewImage":"https:\/\/arteliagroup.vn\/wp-content\/plugins\/seo-by-rank-math\/assets\/admin\/img\/trends-preview.jpg","currentEditor":false,"homepageData":{"assessor":{"powerWords":[],"diacritics":true,"researchesTests":["contentHasTOC","contentHasShortParagraphs","contentHasAssets","keywordInTitle","keywordInMetaDescription","keywordInPermalink","keywordIn10Percent","keywordInContent","keywordInSubheadings","keywordInImageAlt","keywordDensity","keywordNotUsed","lengthContent","lengthPermalink","linksHasInternal","linksHasExternals","linksNotAllExternals","titleStartWithKeyword","titleSentiment","titleHasPowerWords","titleHasNumber","hasContentAI"],"hasBreadcrumb":true,"serpData":{"title":"%sitename% %page% %sep% %sitedesc%","description":"","titleTemplate":"%sitename% %page% %sep% %sitedesc%","descriptionTemplate":"","focusKeywords":"","breadcrumbTitle":"Home","robots":{"index":true},"advancedRobots":[],"facebookTitle":"","facebookDescription":"","facebookImage":"","facebookImageID":""}}},"tocTitle":"Table of Contents","tocExcludeHeadings":[],"listStyle":"ul"},"_links":{"self":[{"href":"https:\/\/arteliagroup.vn\/vi\/wp-json\/wp\/v2\/pages\/2495","targetHints":{"allow":["GET"]}}],"collection":[{"href":"https:\/\/arteliagroup.vn\/vi\/wp-json\/wp\/v2\/pages"}],"about":[{"href":"https:\/\/arteliagroup.vn\/vi\/wp-json\/wp\/v2\/types\/page"}],"author":[{"embeddable":true,"href":"https:\/\/arteliagroup.vn\/vi\/wp-json\/wp\/v2\/users\/1"}],"replies":[{"embeddable":true,"href":"https:\/\/arteliagroup.vn\/vi\/wp-json\/wp\/v2\/comments?post=2495"}],"version-history":[{"count":13,"href":"https:\/\/arteliagroup.vn\/vi\/wp-json\/wp\/v2\/pages\/2495\/revisions"}],"predecessor-version":[{"id":4336,"href":"https:\/\/arteliagroup.vn\/vi\/wp-json\/wp\/v2\/pages\/2495\/revisions\/4336"}],"wp:attachment":[{"href":"https:\/\/arteliagroup.vn\/vi\/wp-json\/wp\/v2\/media?parent=2495"}],"curies":[{"name":"wp","href":"https:\/\/api.w.org\/{rel}","templated":true}]}}